{"id":249,"date":"2023-12-18T13:37:34","date_gmt":"2023-12-18T13:37:34","guid":{"rendered":"https:\/\/mompire.hu\/?page_id=249"},"modified":"2023-12-18T13:37:34","modified_gmt":"2023-12-18T13:37:34","slug":"allasajanlataink","status":"publish","type":"page","link":"https:\/\/mompire.hu\/hu\/allasajanlataink\/","title":{"rendered":"\u00c1ll\u00e1saj\u00e1nlataink"},"content":{"rendered":"<div data-elementor-type=\"wp-page\" data-elementor-id=\"249\" class=\"elementor elementor-249\">\n\t\t\t\t\t\t\t<div class=\"elementor-element elementor-element-74fa285 e-flex e-con-boxed e-con e-parent\" data-id=\"74fa285\" data-element_type=\"container\" data-settings=\"{&quot;content_width&quot;:&quot;boxed&quot;}\" data-core-v316-plus=\"true\">\n\t\t\t\t\t<div class=\"e-con-inner\">\n\t\t\t\t<div class=\"elementor-element elementor-element-4791c2a elementor-widget elementor-widget-heading\" data-id=\"4791c2a\" data-element_type=\"widget\" data-widget_type=\"heading.default\">\n\t\t\t\t<div class=\"elementor-widget-container\">\n\t\t\t<style>\/*! elementor - v3.17.0 - 08-11-2023 *\/\n.elementor-heading-title{padding:0;margin:0;line-height:1}.elementor-widget-heading .elementor-heading-title[class*=elementor-size-]>a{color:inherit;font-size:inherit;line-height:inherit}.elementor-widget-heading .elementor-heading-title.elementor-size-small{font-size:15px}.elementor-widget-heading .elementor-heading-title.elementor-size-medium{font-size:19px}.elementor-widget-heading .elementor-heading-title.elementor-size-large{font-size:29px}.elementor-widget-heading .elementor-heading-title.elementor-size-xl{font-size:39px}.elementor-widget-heading .elementor-heading-title.elementor-size-xxl{font-size:59px}<\/style><h2 class=\"elementor-heading-title elementor-size-default\">Fuvarszervez\u0151\/Sz\u00e1ll\u00edtm\u00e1nyoz\u00f3<\/h2>\t\t<\/div>\n\t\t\t\t<\/div>\n\t\t\t\t\t<\/div>\n\t\t\t\t<\/div>\n\t\t<div class=\"elementor-element elementor-element-a1485f2 e-flex e-con-boxed e-con e-parent\" data-id=\"a1485f2\" data-element_type=\"container\" data-settings=\"{&quot;content_width&quot;:&quot;boxed&quot;}\" data-core-v316-plus=\"true\">\n\t\t\t\t\t<div class=\"e-con-inner\">\n\t\t\t\t<div class=\"elementor-element elementor-element-a3dcb36 elementor-widget elementor-widget-text-editor\" data-id=\"a3dcb36\" data-element_type=\"widget\" data-widget_type=\"text-editor.default\">\n\t\t\t\t<div class=\"elementor-widget-container\">\n\t\t\t<style>\/*! elementor - v3.17.0 - 08-11-2023 *\/\n.elementor-widget-text-editor.elementor-drop-cap-view-stacked .elementor-drop-cap{background-color:#69727d;color:#fff}.elementor-widget-text-editor.elementor-drop-cap-view-framed .elementor-drop-cap{color:#69727d;border:3px solid;background-color:transparent}.elementor-widget-text-editor:not(.elementor-drop-cap-view-default) .elementor-drop-cap{margin-top:8px}.elementor-widget-text-editor:not(.elementor-drop-cap-view-default) .elementor-drop-cap-letter{width:1em;height:1em}.elementor-widget-text-editor .elementor-drop-cap{float:left;text-align:center;line-height:1;font-size:50px}.elementor-widget-text-editor .elementor-drop-cap-letter{display:inline-block}<\/style>\t\t\t\t<p>\u00a0<\/p><p>\u00a0<\/p><p>Partner\u00fcnk, egy nemzetk\u00f6zi fuvaroz\u00e1ssal foglalkoz\u00f3 c\u00e9g \u00faj irod\u00e1t nyit Kom\u00e1romban, ide keress\u00fck lelkes, tapasztalt koll\u00e9g\u00e1nkat, aki r\u00e9szese lehet egy stabil h\u00e1tt\u00e9rrel rendelkez\u0151, de indul\u00f3 iroda fel\u00e9p\u00edt\u00e9s\u00e9nek.<\/p><p>T\u00e9ged keres\u00fcnk, ha<\/p><p>&#8211; nem ijedsz meg, ha \u00f6n\u00e1ll\u00f3an kell elint\u00e9zni valamit<\/p><p>&#8211; szereted, ha zajlanak az esem\u00e9nyek, \u00e9s te is alak\u00edthatod \u0151ket<\/p><p>&#8211; szeretsz r\u00e9szese lenni egy \u00e9p\u00fcl\u0151 c\u00e9gnek, annak minden kih\u00edv\u00e1s\u00e1val egy\u00fctt<\/p><p>&#8211; hat\u00e9konyan osztod be az id\u0151det<\/p><p>&#8211; sz\u00edveden viseled az \u00e9p\u00fcl\u0151 csapat alakul\u00e1s\u00e1t<\/p><p>A feladataid lesznek, j\u00f3 ha van benne tapasztalatod:<\/p><ul><li>Nemzetk\u00f6zi k\u00f6z\u00fati fuvarok szervez\u00e9se, lebonyol\u00edt\u00e1sa<\/li><li>\u00daj megb\u00edz\u00f3k keres\u00e9se, \u00fcgyf\u00e9lk\u00f6r n\u00f6vel\u00e9se<\/li><li>Kapcsolattart\u00e1s \u00fcgyfelekkel \u00e9s alv\u00e1llalkoz\u00f3kkal<\/li><li>\u00c1raj\u00e1nlatok k\u00e9sz\u00edt\u00e9se, adminisztr\u00e1ci\u00f3<\/li><\/ul><p>A munk\u00e1dat nagyra \u00e9rt\u00e9kelj\u00fck, \u00e9s ezzel tudjuk t\u00e1mogatni:<\/p><ul><li>Rugalmass\u00e1g: a feladat elv\u00e9gz\u00e9se a c\u00e9l, nem az irod\u00e1ban t\u00f6lt\u00f6tt id\u0151<\/li><li>C\u00e9lok: hossz\u00fa t\u00e1von gondolkodunk, az iroda fel\u00e9p\u00edt\u00e9se sok r\u00f6vid \u00e9s hossz\u00fa t\u00e1v\u00fa c\u00e9lt ad<\/li><li>T\u00e1mogat\u00f3 csapat: egy haj\u00f3ban evez\u00fcnk, ahol tudjuk, seg\u00edtj\u00fck egym\u00e1st, a c\u00e9l k\u00f6z\u00f6s<\/li><li>Kompenz\u00e1ci\u00f3: a fizet\u00e9sed versenyk\u00e9pes a piacon<\/li><\/ul><p>A munkaid\u0151 6 \u00f3ra.<\/p><p>A munkav\u00e9gz\u00e9s helye Kom\u00e1rom.<\/p><p>Angol nyelvtud\u00e1s el\u0151nyt jelenthet.\u00a0<\/p><p>\u00d6n\u00e9letrajzot a karrier@mompire.hu email c\u00edmre v\u00e1runk!<\/p><p>\u00a0<\/p>\t\t\t\t\t\t<\/div>\n\t\t\t\t<\/div>\n\t\t\t\t\t<\/div>\n\t\t\t\t<\/div>\n\t\t\t\t\t\t\t<\/div>","protected":false},"excerpt":{"rendered":"<p>Fuvarszervez\u0151\/Sz\u00e1ll\u00edtm\u00e1nyoz\u00f3 \u00a0 \u00a0 Partner\u00fcnk, egy nemzetk\u00f6zi fuvaroz\u00e1ssal foglalkoz\u00f3 c\u00e9g \u00faj irod\u00e1t nyit Kom\u00e1romban, ide keress\u00fck lelkes, tapasztalt koll\u00e9g\u00e1nkat, aki r\u00e9szese lehet egy stabil h\u00e1tt\u00e9rrel rendelkez\u0151, de indul\u00f3 iroda fel\u00e9p\u00edt\u00e9s\u00e9nek. T\u00e9ged keres\u00fcnk, ha &#8211; nem ijedsz meg, ha \u00f6n\u00e1ll\u00f3an kell elint\u00e9zni valamit &#8211; szereted, ha zajlanak az esem\u00e9nyek, \u00e9s te is alak\u00edthatod \u0151ket &#8211; szeretsz r\u00e9szese [&hellip;]<\/p>","protected":false},"author":1,"featured_media":0,"parent":0,"menu_order":0,"comment_status":"closed","ping_status":"closed","template":"","meta":{"footnotes":""},"class_list":["post-249","page","type-page","status-publish","hentry"],"_links":{"self":[{"href":"https:\/\/mompire.hu\/hu\/wp-json\/wp\/v2\/pages\/249","targetHints":{"allow":["GET"]}}],"collection":[{"href":"https:\/\/mompire.hu\/hu\/wp-json\/wp\/v2\/pages"}],"about":[{"href":"https:\/\/mompire.hu\/hu\/wp-json\/wp\/v2\/types\/page"}],"author":[{"embeddable":true,"href":"https:\/\/mompire.hu\/hu\/wp-json\/wp\/v2\/users\/1"}],"replies":[{"embeddable":true,"href":"https:\/\/mompire.hu\/hu\/wp-json\/wp\/v2\/comments?post=249"}],"version-history":[{"count":2,"href":"https:\/\/mompire.hu\/hu\/wp-json\/wp\/v2\/pages\/249\/revisions"}],"predecessor-version":[{"id":252,"href":"https:\/\/mompire.hu\/hu\/wp-json\/wp\/v2\/pages\/249\/revisions\/252"}],"wp:attachment":[{"href":"https:\/\/mompire.hu\/hu\/wp-json\/wp\/v2\/media?parent=249"}],"curies":[{"name":"wp","href":"https:\/\/api.w.org\/{rel}","templated":true}]}}